{"id":159838,"date":"2021-03-19T10:20:00","date_gmt":"2021-03-19T09:20:00","guid":{"rendered":"https:\/\/nmlegal.ch\/domaines-dactivites\/"},"modified":"2026-01-10T22:22:12","modified_gmt":"2026-01-10T21:22:12","slug":"rechtsgebiete","status":"publish","type":"page","link":"https:\/\/nmlegal.ch\/de\/rechtsgebiete\/","title":{"rendered":"Rechtsgebiete"},"content":{"rendered":"<div class=\"wpb-content-wrapper\"><p>[vc_row row_height_percent=&#8220;65&#8243; override_padding=&#8220;yes&#8220; h_padding=&#8220;2&#8243; top_padding=&#8220;5&#8243; bottom_padding=&#8220;2&#8243; back_color=&#8220;color-xsdn&#8220; overlay_alpha=&#8220;50&#8243; gutter_size=&#8220;3&#8243; column_width_percent=&#8220;100&#8243; shift_y=&#8220;0&#8243; z_index=&#8220;0&#8243; content_parallax=&#8220;0&#8243; uncode_shortcode_id=&#8220;949010&#8243; back_color_type=&#8220;uncode-palette&#8220;][vc_column column_width_percent=&#8220;100&#8243; position_horizontal=&#8220;left&#8220; gutter_size=&#8220;3&#8243; overlay_alpha=&#8220;50&#8243; shift_x=&#8220;0&#8243; shift_y=&#8220;0&#8243; shift_y_down=&#8220;0&#8243; z_index=&#8220;0&#8243; medium_width=&#8220;0&#8243; mobile_width=&#8220;0&#8243; css_animation=&#8220;alpha-anim&#8220; animation_speed=&#8220;1000&#8243; width=&#8220;1\/1&#8243; uncode_shortcode_id=&#8220;175202&#8243;][vc_row_inner row_inner_height_percent=&#8220;0&#8243; overlay_alpha=&#8220;50&#8243; gutter_size=&#8220;3&#8243; shift_y=&#8220;0&#8243; z_index=&#8220;0&#8243; limit_content=&#8220;&#8220; uncode_shortcode_id=&#8220;306281&#8243;][vc_column_inner column_width_percent=&#8220;100&#8243; position_horizontal=&#8220;left&#8220; gutter_size=&#8220;3&#8243; overlay_alpha=&#8220;50&#8243; shift_x=&#8220;0&#8243; shift_y=&#8220;0&#8243; shift_y_down=&#8220;0&#8243; z_index=&#8220;0&#8243; medium_width=&#8220;0&#8243; mobile_width=&#8220;0&#8243; width=&#8220;1\/2&#8243; uncode_shortcode_id=&#8220;356041&#8243;][vc_custom_heading heading_semantic=&#8220;h1&#8243; text_font=&#8220;font-768692&#8243; text_size=&#8220;custom&#8220; text_weight=&#8220;600&#8243; css_animation=&#8220;curtain&#8220; animation_speed=&#8220;1000&#8243; interval_animation=&#8220;60&#8243; uncode_shortcode_id=&#8220;143312&#8243; heading_custom_size=&#8220;clamp(36px, 3.5vw, 56px)&#8220;]Rechtsgebiete[\/vc_custom_heading][vc_separator sep_color=&#8220;accent&#8220; icon_position=&#8220;left&#8220; uncode_shortcode_id=&#8220;113166&#8243; sep_color_type=&#8220;uncode-palette&#8220; el_width=&#8220;30%&#8220; el_height=&#8220;2px&#8220;][\/vc_column_inner][vc_column_inner column_width_percent=&#8220;100&#8243; position_horizontal=&#8220;left&#8220; gutter_size=&#8220;3&#8243; overlay_alpha=&#8220;50&#8243; shift_x=&#8220;0&#8243; shift_y=&#8220;0&#8243; shift_y_down=&#8220;0&#8243; z_index=&#8220;0&#8243; medium_width=&#8220;0&#8243; mobile_width=&#8220;0&#8243; width=&#8220;1\/2&#8243; uncode_shortcode_id=&#8220;203124&#8243;][vc_empty_space empty_h=&#8220;3&#8243; medium_visibility=&#8220;yes&#8220; mobile_visibility=&#8220;yes&#8220;][vc_column_text text_lead=&#8220;yes&#8220; uncode_shortcode_id=&#8220;208586&#8243;]Die Kanzlei Navarro Maridor vertritt und ber\u00e4t Privatpersonen, Unternehmen und \u00f6ffentliche Beh\u00f6rden in den Bereichen Strafrecht, Wirtschaftskriminalit\u00e4t und Automobilrecht.<\/p>\n<p>Unsere Kanzlei ist in der Schweiz und international t\u00e4tig und verfolgt in jeder Phase des Verfahrens einen rigorosen, strategischen und engagierten Ansatz.[\/vc_column_text][\/vc_column_inner][\/vc_row_inner][\/vc_column][\/vc_row][vc_row row_height_percent=&#8220;50&#8243; override_padding=&#8220;yes&#8220; h_padding=&#8220;2&#8243; top_padding=&#8220;5&#8243; bottom_padding=&#8220;5&#8243; back_color=&#8220;accent&#8220; back_image=&#8220;159590&#8243; parallax=&#8220;yes&#8220; overlay_color=&#8220;color-jevc&#8220; overlay_alpha=&#8220;22&#8243; equal_height=&#8220;yes&#8220; gutter_size=&#8220;4&#8243; column_width_percent=&#8220;100&#8243; shift_y=&#8220;0&#8243; z_index=&#8220;0&#8243; content_parallax=&#8220;0&#8243; uncode_shortcode_id=&#8220;171262&#8243; back_color_type=&#8220;uncode-palette&#8220; overlay_color_type=&#8220;uncode-palette&#8220;][vc_column column_width_percent=&#8220;100&#8243; position_vertical=&#8220;middle&#8220; align_horizontal=&#8220;align_center&#8220; gutter_size=&#8220;2&#8243; style=&#8220;dark&#8220; overlay_alpha=&#8220;50&#8243; shift_x=&#8220;0&#8243; shift_y=&#8220;0&#8243; shift_y_down=&#8220;0&#8243; z_index=&#8220;0&#8243; medium_width=&#8220;0&#8243; mobile_width=&#8220;0&#8243; width=&#8220;1\/1&#8243; uncode_shortcode_id=&#8220;175872&#8243;][vc_custom_heading text_color=&#8220;color-xsdn&#8220; text_font=&#8220;font-768692&#8243; text_size=&#8220;custom&#8220; text_weight=&#8220;600&#8243; uncode_shortcode_id=&#8220;873961&#8243; heading_custom_size=&#8220;clamp(36px, 3.2vw, 50px)&#8220; text_color_type=&#8220;uncode-palette&#8220;]Massgeschneiderte L\u00f6sungen f\u00fcr jedes Kundenprofil[\/vc_custom_heading][\/vc_column][\/vc_row][vc_row unlock_row_content=&#8220;yes&#8220; row_height_percent=&#8220;0&#8243; override_padding=&#8220;yes&#8220; h_padding=&#8220;7&#8243; top_padding=&#8220;5&#8243; bottom_padding=&#8220;3&#8243; overlay_alpha=&#8220;50&#8243; gutter_size=&#8220;3&#8243; column_width_percent=&#8220;100&#8243; shift_y=&#8220;0&#8243; z_index=&#8220;0&#8243; content_parallax=&#8220;0&#8243; uncode_shortcode_id=&#8220;621054&#8243;][vc_column column_width_percent=&#8220;100&#8243; gutter_size=&#8220;4&#8243; overlay_alpha=&#8220;50&#8243; shift_x=&#8220;0&#8243; shift_y=&#8220;0&#8243; shift_y_down=&#8220;0&#8243; z_index=&#8220;0&#8243; medium_width=&#8220;0&#8243; mobile_width=&#8220;0&#8243; width=&#8220;1\/1&#8243;][vc_row_inner row_inner_height_percent=&#8220;0&#8243; overlay_alpha=&#8220;50&#8243; gutter_size=&#8220;4&#8243; shift_y=&#8220;0&#8243; z_index=&#8220;0&#8243; uncode_shortcode_id=&#8220;181234&#8243;][vc_column_inner column_width_percent=&#8220;100&#8243; gutter_size=&#8220;3&#8243; overlay_alpha=&#8220;50&#8243; shift_x=&#8220;0&#8243; shift_y=&#8220;0&#8243; shift_y_down=&#8220;0&#8243; z_index=&#8220;0&#8243; medium_width=&#8220;3&#8243; mobile_width=&#8220;0&#8243; width=&#8220;1\/3&#8243; uncode_shortcode_id=&#8220;172696&#8243;][vc_custom_heading uncode_shortcode_id=&#8220;152091&#8243; subheading=&#8220;Die Kanzlei Navarro Maridor unterst\u00fctzt und verteidigt Privatpersonen, die mit Strafverfahren konfrontiert sind, und sorgt f\u00fcr den Schutz ihrer Rechte sowie f\u00fcr eine individuelle Verteidigung in jeder Phase des Strafverfahrens.&#8220;]Privatpersonen[\/vc_custom_heading][\/vc_column_inner][vc_column_inner column_width_percent=&#8220;100&#8243; gutter_size=&#8220;3&#8243; overlay_alpha=&#8220;50&#8243; shift_x=&#8220;0&#8243; shift_y=&#8220;0&#8243; shift_y_down=&#8220;0&#8243; z_index=&#8220;0&#8243; medium_width=&#8220;3&#8243; mobile_width=&#8220;0&#8243; width=&#8220;1\/3&#8243;][vc_custom_heading uncode_shortcode_id=&#8220;485485&#8243; subheading=&#8220;Unsere Kanzlei begleitet Unternehmen, die strafrechtlichen Verfahren oder Compliance-Risiken ausgesetzt sind, und bietet Verteidigungs- und Pr\u00e4ventionsstrategien an, die auf ihre T\u00e4tigkeiten und wirtschaftlichen Herausforderungen zugeschnitten sind.&#8220;]Unternehmen[\/vc_custom_heading][\/vc_column_inner][vc_column_inner column_width_percent=&#8220;100&#8243; gutter_size=&#8220;3&#8243; overlay_alpha=&#8220;50&#8243; shift_x=&#8220;0&#8243; shift_y=&#8220;0&#8243; shift_y_down=&#8220;0&#8243; z_index=&#8220;0&#8243; medium_width=&#8220;3&#8243; mobile_width=&#8220;0&#8243; width=&#8220;1\/3&#8243;][vc_custom_heading uncode_shortcode_id=&#8220;629651&#8243; subheading=&#8220;Wir beraten und vertreten \u00f6ffentliche Einrichtungen und Staaten in sensiblen Angelegenheiten, insbesondere im Bereich Wirtschaftskriminalit\u00e4t, bei Verwaltungsuntersuchungen oder in der internationalen justiziellen Zusammenarbeit.&#8220;]Institutionen und Staaten[\/vc_custom_heading][\/vc_column_inner][\/vc_row_inner][\/vc_column][\/vc_row][vc_row unlock_row_content=&#8220;yes&#8220; row_height_percent=&#8220;0&#8243; override_padding=&#8220;yes&#8220; h_padding=&#8220;7&#8243; top_padding=&#8220;2&#8243; bottom_padding=&#8220;5&#8243; overlay_alpha=&#8220;50&#8243; gutter_size=&#8220;3&#8243; column_width_percent=&#8220;100&#8243; shift_y=&#8220;0&#8243; z_index=&#8220;0&#8243; content_parallax=&#8220;0&#8243; uncode_shortcode_id=&#8220;126905&#8243; el_class=&#8220;test-three&#8220;][vc_column column_width_percent=&#8220;100&#8243; gutter_size=&#8220;2&#8243; back_color=&#8220;color-xsdn&#8220; overlay_alpha=&#8220;50&#8243; radius=&#8220;std&#8220; shift_x=&#8220;0&#8243; shift_y=&#8220;0&#8243; shift_y_down=&#8220;0&#8243; z_index=&#8220;0&#8243; medium_width=&#8220;0&#8243; mobile_width=&#8220;0&#8243; width=&#8220;1\/1&#8243; uncode_shortcode_id=&#8220;135655&#8243; back_color_type=&#8220;uncode-palette&#8220;][vc_accordion no_toggle=&#8220;yes&#8220; typography=&#8220;advanced&#8220; sign=&#8220;plus&#8220; sign_size=&#8220;md&#8220; content_border=&#8220;yes&#8220; gutter_simple=&#8220;1&#8243; no_h_padding=&#8220;yes&#8220; titles_size=&#8220;h3&#8243; titles_weight=&#8220;400&#8243; uncode_shortcode_id=&#8220;586777&#8243; active_tab=&#8220;0&#8243;][vc_accordion_tab gutter_size=&#8220;2&#8243; column_padding=&#8220;0&#8243; title=&#8220;Allgemeine Kriminalit\u00e4t und Straftaten gegen Personen&#8220; tab_id=&#8220;1671541890-1-6216728529668951715764968962c47f-0d77&#8243;][vc_icon icon_image=&#8220;159428&#8243; media_size=&#8220;80&#8243; uncode_shortcode_id=&#8220;197946&#8243;][\/vc_icon][vc_column_text uncode_shortcode_id=&#8220;140945&#8243;]Die Kanzlei Navarro Maridor begleitet beschuldigte Personen ebenso wie Opfer in allen Bereichen der sogenannten allgemeinen Kriminalit\u00e4t. Ziel ist es, die Verfahrensrechte jeder Partei zu wahren und eine wirksame Verteidigung oder Vertretung in allen Phasen des Verfahrens sicherzustellen.[\/vc_column_text][vc_column_text uncode_shortcode_id=&#8220;203065&#8243;]<strong>Hauptleistungen<\/strong><\/p>\n<ul>\n<li>Verteidigung von Beschuldigten bei k\u00f6rperlichen oder sexuellen \u00dcbergriffen, psychischer Gewalt, Drohungen, Stalking, N\u00f6tigung, Strassenverkehrsdelikten oder Verst\u00f6ssen gegen das Bet\u00e4ubungsmittelrecht.<\/li>\n<li>Verteidigung von nat\u00fcrlichen und juristischen Personen in F\u00e4llen der medizinischen Haftung.<\/li>\n<li>Begleitung bei Einvernahmen, Hausdurchsuchungen, Beschlagnahmen und anderen Untersuchungshandlungen.<\/li>\n<li>Vertretung vor Strafverfolgungsbeh\u00f6rden sowie vor kantonalen und eidgen\u00f6ssischen Gerichten.<\/li>\n<li>Unterst\u00fctzung von Opfern bei ihren Entsch\u00e4digungsanspr\u00fcchen (Sachschaden, Genugtuung).<\/li>\n<li>Verhandlung und Abschluss von Vereinbarungen mit Strafverfolgungsbeh\u00f6rden, soweit das Gesetz dies vorsieht.<\/li>\n<\/ul>\n<p>[\/vc_column_text][\/vc_accordion_tab][vc_accordion_tab gutter_size=&#8220;2&#8243; column_padding=&#8220;2&#8243; title=&#8220;Automobilrecht, Verkehrsstrafrecht und administrative Massnahmen&#8220; tab_id=&#8220;1765796801435-6-7&#8243;][vc_icon icon_image=&#8220;159715&#8243; media_size=&#8220;70&#8243; uncode_shortcode_id=&#8220;153735&#8243;][\/vc_icon][vc_column_text uncode_shortcode_id=&#8220;200543&#8243;]Das Strassenverkehrsrecht vereint strafrechtliche, administrative und technische Fragestellungen und ist h\u00e4ufig mit unmittelbaren Konsequenzen f\u00fcr die Mobilit\u00e4t und die berufliche Situation der betroffenen Personen verbunden. Die Kanzlei Navarro Maridor begleitet ihre Mandantinnen und Mandanten in s\u00e4mtlichen Phasen von Verfahren im Zusammenhang mit Verkehrsdelikten \u2013 sei es bei der Wahrung ihrer Rechte gegen\u00fcber den Strafbeh\u00f6rden, bei der Anfechtung administrativer Massnahmen oder nach einem Verkehrsunfall.<\/p>\n<p>Das Automobilrecht betrifft Privatpersonen, Unternehmen, Versicherer, Garagen, Hersteller oder Vermieter in allen Bereichen, in denen Recht und Automobil aufeinandertreffen. Dazu z\u00e4hlen insbesondere die automobilrechtliche Regulierung (Typengenehmigung, Konformit\u00e4t, Sicherheit), die Gew\u00e4hrleistungspflichten von Fachbetrieben (Garantie, versteckte M\u00e4ngel, Konformit\u00e4t von Reparaturen), vertragliche Fragen (Kauf, Leasing, Versicherung) sowie die aus dem F\u00fchren eines Motorfahrzeugs resultierende zivilrechtliche Haftung.[\/vc_column_text][vc_column_text uncode_shortcode_id=&#8220;171996&#8243;]<strong>Hauptleistungen<\/strong><\/p>\n<ul>\n<li>Verteidigung in Strafverfahren wegen Widerhandlungen gegen das Strassenverkehrsgesetz, insbesondere bei Geschwindigkeits\u00fcberschreitungen, Fahren in angetrunkenem Zustand, Verweigerung von Tests, technischen Fahrzeug\u00e4nderungen oder Gef\u00e4hrdung des Lebens anderer.<\/li>\n<li>Umfassende Unterst\u00fctzung in Verwaltungsverfahren, einschliesslich F\u00fchrerausweisentz\u00fcgen, Verwarnungen, verkehrsmedizinischen und -psychologischen Gutachten sowie Rechtsmitteln gegen Entscheide kantonaler Beh\u00f6rden.<\/li>\n<li>Vertretung bei Einvernahmen, Gegen\u00fcberstellungen, Untersuchungshandlungen und Ermittlungsakten der Polizei oder der Staatsanwaltschaft.<\/li>\n<li>Beratung und Begleitung in Verkehrsunfallverfahren mit straf- und zivilrechtlichen Haftungsfragen, in Koordination mit Versicherungen und technischen Sachverst\u00e4ndigen.<\/li>\n<li>Beratung und Begleitung bei zivilrechtlichen Streitigkeiten im Zusammenhang mit Kauf-, Reparatur- oder Leasingvertr\u00e4gen von Fahrzeugen.<\/li>\n<li>Einreichung von Rechtsmitteln bei kantonalen und eidgen\u00f6ssischen Gerichten gegen straf- oder verwaltungsrechtliche Entscheide im Bereich des Strassenverkehrs.<\/li>\n<li>Strategische Analyse der beruflichen, versicherungsrechtlichen oder grenz\u00fcberschreitenden Konsequenzen von Verkehrsdelikten sowie Erarbeitung massgeschneiderter L\u00f6sungen entsprechend der individuellen Situation der Mandantschaft.<\/li>\n<\/ul>\n<p>[\/vc_column_text][\/vc_accordion_tab][vc_accordion_tab gutter_size=&#8220;2&#8243; column_padding=&#8220;0&#8243; title=&#8220;Wirtschaftskriminalit\u00e4t und Finanzdelikte&#8220; tab_id=&#8220;1671541890-2-7416728529668951715764968962c47f-0d77&#8243;][vc_icon icon_image=&#8220;159452&#8243; media_size=&#8220;70&#8243; uncode_shortcode_id=&#8220;129852&#8243;][\/vc_icon][vc_column_text uncode_shortcode_id=&#8220;256352&#8243;]Die Kanzlei verf\u00fcgt \u00fcber besondere Expertise im Bereich der Wirtschaftskriminalit\u00e4t, die sich oft durch komplexe finanzielle Strukturen, internationale Bez\u00fcge und erhebliche Reputationsrisiken auszeichnet.[\/vc_column_text][vc_column_text uncode_shortcode_id=&#8220;123352&#8243;]<strong>Hauptleistungen<\/strong><\/p>\n<ul>\n<li>Verteidigung in F\u00e4llen von Betrug, ungetreuer Gesch\u00e4ftsbesorgung, Veruntreuung, B\u00f6rsendelikten und Geldw\u00e4scherei.<\/li>\n<li>Verteidigung in Korruptionsverfahren auf nationaler und internationaler Ebene.<\/li>\n<li>Beratung und Vertretung im Zusammenhang mit internationalen Sanktionsregimen.<\/li>\n<li>Vertretung in Verfahren wegen betr\u00fcgerischen Konkurses und Verm\u00f6gensverschiebungen.<\/li>\n<li>Vertretung von nat\u00fcrlichen und juristischen Personen in Verfahren gegen Unternehmen.<\/li>\n<li>Koordination von Verteidigungsstrategien unter Einbezug mehrerer Gerichtsbarkeiten sowie Aufbau multidisziplin\u00e4rer Verteidigungsteams.<\/li>\n<li>Kartell- und Wettbewerbsrecht, einschliesslich Verfahren vor Wettbewerbsbeh\u00f6rden.<\/li>\n<li>Durchf\u00fchrung interner Untersuchungen in Unternehmen.<\/li>\n<\/ul>\n<p>[\/vc_column_text][\/vc_accordion_tab][vc_accordion_tab gutter_size=&#8220;2&#8243; column_padding=&#8220;0&#8243; title=&#8220;\u00d6ffentliche Mandate, Verwaltungs- und Disziplinaruntersuchungen&#8220; tab_id=&#8220;292da2c4-9bc3-616728529668951715764968962c47f-0d77&#8243;][vc_icon icon_image=&#8220;159456&#8243; media_size=&#8220;70&#8243; uncode_shortcode_id=&#8220;147108&#8243;][\/vc_icon][vc_column_text uncode_shortcode_id=&#8220;806649&#8243;]Die Kanzlei Navarro Maridor unterst\u00fctzt \u00f6ffentliche Beh\u00f6rden bei der Durchf\u00fchrung von Verwaltungs- und Disziplinaruntersuchungen sowie bei der Erf\u00fcllung besonderer Mandate, die externen Magistratspersonen \u00fcbertragen werden.[\/vc_column_text][vc_column_text uncode_shortcode_id=&#8220;139485&#8243;]<strong>Hauptleistungen<\/strong><\/p>\n<ul>\n<li>\u00dcbernahme besonderer Mandate als Magistratsperson (Sonderstaatsanwalt, unabh\u00e4ngige Untersuchungsinstanz).<\/li>\n<li>Durchf\u00fchrung von Verwaltungs- und Disziplinaruntersuchungen f\u00fcr staatliche und parastaatliche Institutionen.<\/li>\n<li>Abfassung von Untersuchungsberichten und juristischen Stellungnahmen f\u00fcr Beh\u00f6rden.<\/li>\n<li>Beratung und Vertretung von Beh\u00f6rden in Verfahren im Zusammenhang mit Untersuchungen.<\/li>\n<li>Analyse der rechtlichen und organisatorischen Folgen von Untersuchungen f\u00fcr die betroffenen Organisationen.<\/li>\n<\/ul>\n<p>[\/vc_column_text][\/vc_accordion_tab][vc_accordion_tab gutter_size=&#8220;2&#8243; column_padding=&#8220;0&#8243; title=&#8220;Internationale Rechtshilfe und grenz\u00fcberschreitende Verfahren&#8220; tab_id=&#8220;1671542087726-2-116728529668951715764968962c47f-0d77&#8243;][vc_icon icon_image=&#8220;159391&#8243; media_size=&#8220;70&#8243; uncode_shortcode_id=&#8220;122020&#8243;][\/vc_icon][vc_column_text uncode_shortcode_id=&#8220;232965&#8243;]Strafverfahren mit internationaler Dimension erfordern ein vertieftes Verst\u00e4ndnis der Mechanismen der internationalen Rechtshilfe sowie der Besonderheiten der jeweiligen Rechtsordnungen. Die Kanzlei Navarro Maridor unterst\u00fctzt ihre Klientinnen und Klienten in allen Fragen der internationalen Rechtshilfe in Strafsachen.[\/vc_column_text][vc_column_text uncode_shortcode_id=&#8220;141085&#8243;]<strong>Hauptleistungen<\/strong><\/p>\n<ul>\n<li>Vertretung in Rechtshilfeersuchen (aktiv oder passiv) im Zusammenhang mit grenz\u00fcberschreitenden Strafverfahren.<\/li>\n<li>Unterst\u00fctzung in Auslieferungsverfahren und bei der \u00dcberstellung verurteilter Personen.<\/li>\n<li>Einreichung von Beschwerden vor dem Bundesstrafgericht und dem Bundesgericht.<\/li>\n<li>Koordination mit ausl\u00e4ndischen Beh\u00f6rden und Rechtsvertretungen bei internationalen Verfahren.<\/li>\n<li>Beratung zu Fragen der internationalen Zusammenarbeit und der grenz\u00fcberschreitenden Beweisf\u00fchrung.<\/li>\n<\/ul>\n<p>[\/vc_column_text][\/vc_accordion_tab][vc_accordion_tab gutter_size=&#8220;2&#8243; column_padding=&#8220;0&#8243; title=&#8220;Compliance, Risikopr\u00e4vention und interne Untersuchungen&#8220; tab_id=&#8220;b2da8cd6-4d15-81715764968962c47f-0d77&#8243;][vc_icon icon_image=&#8220;159330&#8243; media_size=&#8220;70&#8243; uncode_shortcode_id=&#8220;159632&#8243;][\/vc_icon][vc_column_text uncode_shortcode_id=&#8220;399199&#8243;]\u00dcber die Verteidigung in laufenden Verfahren hinaus begleitet die Kanzlei Navarro Maridor ihre Klientinnen und Klienten bei der Einf\u00fchrung pr\u00e4ventiver Massnahmen und Compliance-Strukturen, um strafrechtliche und regulatorische Risiken zu reduzieren.[\/vc_column_text][vc_column_text uncode_shortcode_id=&#8220;205252&#8243;]<strong>Hauptleistungen<\/strong><\/p>\n<ul>\n<li>Ausarbeitung von Compliance-Programmen, die an nationale und internationale Anforderungen angepasst sind (insbesondere Geldw\u00e4schereigesetzgebung und Bek\u00e4mpfung der Terrorismusfinanzierung, Sanktionen und Embargos).<\/li>\n<li>Juristische Audits interner Prozesse zur Identifikation von Risiken der Nicht-Compliance und von Streitf\u00e4llen.<\/li>\n<li>Schulung und Sensibilisierung von F\u00fchrungsgremien und Mitarbeitenden zu Compliance-Pflichten, insbesondere in den Bereichen Korruption und Geldw\u00e4scherei.<\/li>\n<li>Beratung bei der Aufnahme und \u00dcberwachung von Gesch\u00e4ftsbeziehungen mit Hochrisiko-Kundschaft.<\/li>\n<li>Durchf\u00fchrung interner Untersuchungen in Unternehmen bei Verdacht auf Straftaten oder Regelverletzungen.<\/li>\n<li>Beratung zu regulatorischen Anforderungen im Finanzsektor und in anderen stark regulierten Branchen.<\/li>\n<\/ul>\n<p>[\/vc_column_text][\/vc_accordion_tab][vc_accordion_tab gutter_size=&#8220;2&#8243; column_padding=&#8220;2&#8243; title=&#8220;Folgeklagen und R\u00fcckf\u00fchrung von Verm\u00f6genswerten&#8220; tab_id=&#8220;1761917439808-5-2&#8243;][vc_icon icon_image=&#8220;159437&#8243; media_size=&#8220;70&#8243; uncode_shortcode_id=&#8220;752939&#8243;][\/vc_icon][vc_column_text uncode_shortcode_id=&#8220;579683&#8243;]Nach einem gerichtlichen oder schiedsgerichtlichen Entscheid sind oft weitere Schritte notwendig, um Urteile durchzusetzen und Verm\u00f6genswerte effektiv zur\u00fcckzuf\u00fchren. Die Kanzlei Navarro Maridor unterst\u00fctzt ihre Klientinnen und Klienten in diesen entscheidenden Phasen.[\/vc_column_text][vc_column_text uncode_shortcode_id=&#8220;357015&#8243;]<strong>Hauptleistungen<\/strong><\/p>\n<ul>\n<li>Einleitung von Folgeklagen zur Durchsetzung schweizerischer oder ausl\u00e4ndischer Urteile.<\/li>\n<li>Suche und Sicherstellung von Verm\u00f6genswerten in der Schweiz und im Ausland, gegebenenfalls unter Beizug von buchhalterischen oder finanziellen Expertisen.<\/li>\n<li>Erlangung vorsorglicher Massnahmen, insbesondere Arrest und Kontensperren.<\/li>\n<li>Koordination von Vollstreckungsstrategien in mehreren Jurisdiktionen zur Maximierung der R\u00fcckf\u00fchrungsm\u00f6glichkeiten.<\/li>\n<li>Verhandlung und F\u00fchrung von Entsch\u00e4digungsverfahren (Schadenersatz und Genugtuung).<\/li>\n<\/ul>\n<p>[\/vc_column_text][\/vc_accordion_tab][\/vc_accordion][\/vc_column][\/vc_row]<\/p>\n<\/div>","protected":false},"excerpt":{"rendered":"<p>[vc_row row_height_percent=&#8220;65&#8243; override_padding=&#8220;yes&#8220; h_padding=&#8220;2&#8243; top_padding=&#8220;5&#8243; bottom_padding=&#8220;2&#8243; back_color=&#8220;color-xsdn&#8220; overlay_alpha=&#8220;50&#8243; gutter_size=&#8220;3&#8243; column_width_percent=&#8220;100&#8243; shift_y=&#8220;0&#8243; z_index=&#8220;0&#8243; content_parallax=&#8220;0&#8243; uncode_shortcode_id=&#8220;949010&#8243; back_color_type=&#8220;uncode-palette&#8220;][vc_column column_width_percent=&#8220;100&#8243; position_horizontal=&#8220;left&#8220; gutter_size=&#8220;3&#8243; overlay_alpha=&#8220;50&#8243; shift_x=&#8220;0&#8243; [&hellip;]<\/p>\n","protected":false},"author":1,"featured_media":0,"parent":0,"menu_order":0,"comment_status":"closed","ping_status":"closed","template":"","meta":{"_seopress_robots_primary_cat":"","_seopress_titles_title":"","_seopress_titles_desc":"","_seopress_robots_index":"","footnotes":""},"class_list":["post-159838","page","type-page","status-publish","hentry"],"_links":{"self":[{"href":"https:\/\/nmlegal.ch\/de\/wp-json\/wp\/v2\/pages\/159838","targetHints":{"allow":["GET"]}}],"collection":[{"href":"https:\/\/nmlegal.ch\/de\/wp-json\/wp\/v2\/pages"}],"about":[{"href":"https:\/\/nmlegal.ch\/de\/wp-json\/wp\/v2\/types\/page"}],"author":[{"embeddable":true,"href":"https:\/\/nmlegal.ch\/de\/wp-json\/wp\/v2\/users\/1"}],"replies":[{"embeddable":true,"href":"https:\/\/nmlegal.ch\/de\/wp-json\/wp\/v2\/comments?post=159838"}],"version-history":[{"count":5,"href":"https:\/\/nmlegal.ch\/de\/wp-json\/wp\/v2\/pages\/159838\/revisions"}],"predecessor-version":[{"id":160299,"href":"https:\/\/nmlegal.ch\/de\/wp-json\/wp\/v2\/pages\/159838\/revisions\/160299"}],"wp:attachment":[{"href":"https:\/\/nmlegal.ch\/de\/wp-json\/wp\/v2\/media?parent=159838"}],"curies":[{"name":"wp","href":"https:\/\/api.w.org\/{rel}","templated":true}]}}