{"id":159868,"date":"2025-11-21T07:28:37","date_gmt":"2025-11-21T06:28:37","guid":{"rendered":"https:\/\/nmlegal.ch\/letude\/"},"modified":"2026-01-12T09:00:37","modified_gmt":"2026-01-12T08:00:37","slug":"die-kanzlei","status":"publish","type":"page","link":"https:\/\/nmlegal.ch\/de\/die-kanzlei\/","title":{"rendered":"Die Kanzlei"},"content":{"rendered":"<div class=\"wpb-content-wrapper\"><p>[vc_row row_height_percent=&#8220;65&#8243; override_padding=&#8220;yes&#8220; h_padding=&#8220;2&#8243; top_padding=&#8220;5&#8243; bottom_padding=&#8220;2&#8243; back_color=&#8220;color-xsdn&#8220; overlay_alpha=&#8220;50&#8243; gutter_size=&#8220;3&#8243; column_width_percent=&#8220;100&#8243; shift_y=&#8220;0&#8243; z_index=&#8220;0&#8243; content_parallax=&#8220;0&#8243; uncode_shortcode_id=&#8220;949010&#8243; back_color_type=&#8220;uncode-palette&#8220;][vc_column column_width_percent=&#8220;100&#8243; position_horizontal=&#8220;left&#8220; gutter_size=&#8220;3&#8243; overlay_alpha=&#8220;50&#8243; shift_x=&#8220;0&#8243; shift_y=&#8220;0&#8243; shift_y_down=&#8220;0&#8243; z_index=&#8220;0&#8243; medium_width=&#8220;0&#8243; mobile_width=&#8220;0&#8243; css_animation=&#8220;alpha-anim&#8220; animation_speed=&#8220;1000&#8243; width=&#8220;1\/1&#8243; uncode_shortcode_id=&#8220;175202&#8243;][vc_row_inner row_inner_height_percent=&#8220;0&#8243; overlay_alpha=&#8220;50&#8243; gutter_size=&#8220;3&#8243; shift_y=&#8220;0&#8243; z_index=&#8220;0&#8243; limit_content=&#8220;&#8220; uncode_shortcode_id=&#8220;306281&#8243;][vc_column_inner column_width_percent=&#8220;100&#8243; position_horizontal=&#8220;left&#8220; gutter_size=&#8220;3&#8243; overlay_alpha=&#8220;50&#8243; shift_x=&#8220;0&#8243; shift_y=&#8220;0&#8243; shift_y_down=&#8220;0&#8243; z_index=&#8220;0&#8243; medium_width=&#8220;0&#8243; mobile_width=&#8220;0&#8243; width=&#8220;1\/2&#8243; uncode_shortcode_id=&#8220;356041&#8243;][vc_custom_heading heading_semantic=&#8220;h1&#8243; text_font=&#8220;font-768692&#8243; text_size=&#8220;custom&#8220; text_weight=&#8220;600&#8243; css_animation=&#8220;curtain&#8220; animation_speed=&#8220;1000&#8243; interval_animation=&#8220;60&#8243; uncode_shortcode_id=&#8220;117982&#8243; heading_custom_size=&#8220;clamp(36px, 3.5vw, 56px)&#8220;]Die Kanzlei Navarro Maridor[\/vc_custom_heading][vc_separator sep_color=&#8220;accent&#8220; icon_position=&#8220;left&#8220; uncode_shortcode_id=&#8220;113166&#8243; sep_color_type=&#8220;uncode-palette&#8220; el_width=&#8220;30%&#8220; el_height=&#8220;2px&#8220;][\/vc_column_inner][vc_column_inner column_width_percent=&#8220;100&#8243; position_horizontal=&#8220;left&#8220; gutter_size=&#8220;3&#8243; overlay_alpha=&#8220;50&#8243; shift_x=&#8220;0&#8243; shift_y=&#8220;0&#8243; shift_y_down=&#8220;0&#8243; z_index=&#8220;0&#8243; medium_width=&#8220;0&#8243; mobile_width=&#8220;0&#8243; width=&#8220;1\/2&#8243; uncode_shortcode_id=&#8220;203124&#8243;][vc_empty_space empty_h=&#8220;3&#8243; medium_visibility=&#8220;yes&#8220; mobile_visibility=&#8220;yes&#8220;][vc_column_text text_lead=&#8220;yes&#8220; uncode_shortcode_id=&#8220;157979&#8243;]Um umfassende Leistungen auf hohem fachlichem Niveau zu gew\u00e4hrleisten, st\u00fctzt sich die Kanzlei Navarro Maridor auf ein internes und externes Netzwerk von Spezialistinnen und Spezialisten, die dieselben Anforderungen an Sorgfalt, Diskretion und Integrit\u00e4t teilen.[\/vc_column_text][\/vc_column_inner][\/vc_row_inner][vc_empty_space empty_h=&#8220;3&#8243;][\/vc_column][\/vc_row][vc_row row_height_percent=&#8220;0&#8243; override_padding=&#8220;yes&#8220; h_padding=&#8220;2&#8243; top_padding=&#8220;5&#8243; bottom_padding=&#8220;2&#8243; overlay_alpha=&#8220;50&#8243; gutter_size=&#8220;4&#8243; column_width_percent=&#8220;100&#8243; shift_y=&#8220;0&#8243; z_index=&#8220;0&#8243; content_parallax=&#8220;0&#8243; uncode_shortcode_id=&#8220;815791&#8243;][vc_column column_width_percent=&#8220;100&#8243; position_horizontal=&#8220;left&#8220; gutter_size=&#8220;0&#8243; overlay_alpha=&#8220;50&#8243; shift_x=&#8220;0&#8243; shift_y=&#8220;0&#8243; shift_y_down=&#8220;0&#8243; z_index=&#8220;0&#8243; medium_width=&#8220;0&#8243; mobile_width=&#8220;0&#8243; width=&#8220;4\/12&#8243; uncode_shortcode_id=&#8220;167896&#8243;][\/vc_column][vc_column column_width_percent=&#8220;100&#8243; position_horizontal=&#8220;left&#8220; gutter_size=&#8220;3&#8243; overlay_alpha=&#8220;50&#8243; shift_x=&#8220;0&#8243; shift_y=&#8220;0&#8243; shift_y_down=&#8220;0&#8243; z_index=&#8220;0&#8243; medium_width=&#8220;0&#8243; mobile_width=&#8220;0&#8243; width=&#8220;8\/12&#8243; uncode_shortcode_id=&#8220;122907&#8243;][vc_custom_heading heading_semantic=&#8220;h3&#8243; text_size=&#8220;h1&#8243; uncode_shortcode_id=&#8220;663928&#8243; subheading=&#8220;Rechtsanwalt, CAS in Strafjustiz<br \/>\ncn@nmlegal.ch&#8220;]Charles Navarro[\/vc_custom_heading][\/vc_column][\/vc_row][vc_row row_height_percent=&#8220;0&#8243; override_padding=&#8220;yes&#8220; h_padding=&#8220;2&#8243; top_padding=&#8220;0&#8243; bottom_padding=&#8220;5&#8243; overlay_alpha=&#8220;50&#8243; gutter_size=&#8220;4&#8243; column_width_percent=&#8220;100&#8243; shift_y=&#8220;0&#8243; z_index=&#8220;0&#8243; content_parallax=&#8220;0&#8243; uncode_shortcode_id=&#8220;146451&#8243;][vc_column column_width_percent=&#8220;100&#8243; gutter_size=&#8220;2&#8243; overlay_alpha=&#8220;50&#8243; radius=&#8220;lg&#8220; shift_x=&#8220;0&#8243; shift_y=&#8220;0&#8243; shift_y_down=&#8220;0&#8243; z_index=&#8220;0&#8243; medium_width=&#8220;2&#8243; mobile_width=&#8220;0&#8243; css_animation=&#8220;alpha-anim&#8220; animation_speed=&#8220;1000&#8243; width=&#8220;4\/12&#8243; uncode_shortcode_id=&#8220;360947&#8243;][vc_single_image media=&#8220;160217&#8243; media_width_percent=&#8220;100&#8243; shape=&#8220;img-round&#8220; radius=&#8220;std&#8220; uncode_shortcode_id=&#8220;504396&#8243;][\/vc_column][vc_column column_width_percent=&#8220;100&#8243; gutter_size=&#8220;3&#8243; overlay_alpha=&#8220;50&#8243; shift_x=&#8220;0&#8243; shift_y=&#8220;0&#8243; shift_y_down=&#8220;0&#8243; z_index=&#8220;0&#8243; medium_width=&#8220;6&#8243; mobile_width=&#8220;0&#8243; css_animation=&#8220;alpha-anim&#8220; animation_speed=&#8220;1000&#8243; width=&#8220;8\/12&#8243; uncode_shortcode_id=&#8220;152154&#8243;][vc_column_text uncode_shortcode_id=&#8220;529611&#8243;]Nach dem Bachelor in Rechtswissenschaften (2010) und dem Master in Rechtswissenschaften (2011) an der Universit\u00e4t Freiburg begann Charles Navarro seine berufliche Laufbahn als wissenschaftlicher Mitarbeiter beim Sekretariat der Wettbewerbskommission.<\/p>\n<p>Seine Anwaltsausbildung absolvierte er in der Kanzlei Lenz &amp; Staehelin in Genf, bevor er an die Bundesanwaltschaft wechselte, wo er zun\u00e4chst als stellvertretender Bundesanwalt und anschliessend als interimistischer Bundesanwalt t\u00e4tig war.<\/p>\n<p>Diese T\u00e4tigkeit im Zentrum der Strafverfolgung, insbesondere im Bereich komplexer wirtschaftsstrafrechtlicher Verfahren, verschaffte ihm ein vertieftes Verst\u00e4ndnis des Strafverfahrensrechts und der strategischen Herausforderungen in Verfahren mit hoher Tragweite. Sie bildet auch die Grundlage seiner heutigen T\u00e4tigkeit als auf Streitbeilegung und Strafverteidigung spezialisierter Anwalt, insbesondere im Bereich der Wirtschaftskriminalit\u00e4t.<\/p>\n<p>Parallel dazu wird Charles Navarro regelm\u00e4ssig als ausserordentlicher Staatsanwalt, sowohl auf Bundes- als auch auf kantonaler Ebene, eingesetzt und referiert als Dozent im Strafrecht an verschiedenen Universit\u00e4ten und Hochschulen in der Schweiz. Er ist Mitglied des Freiburger Anwaltsverbands, des Genfer Anwaltsverband, der Schweizerischen Anwaltsverband und der Schweizerischen Vereinigung f\u00fcr Strafrecht.[\/vc_column_text][vc_accordion typography=&#8220;advanced&#8220; sign=&#8220;plus&#8220; label_border=&#8220;yes&#8220; content_border=&#8220;yes&#8220; gutter_simple=&#8220;0&#8243; no_h_padding=&#8220;yes&#8220; titles_size=&#8220;h4&#8243; titles_weight=&#8220;600&#8243; uncode_shortcode_id=&#8220;168469&#8243; active_tab=&#8220;1&#8243;][vc_accordion_tab gutter_size=&#8220;3&#8243; column_padding=&#8220;2&#8243; title=&#8220;Beruflicher Werdegang (Auswahl)&#8220; tab_id=&#8220;efe01523-2776-6167267070583917157580534071052-25fc&#8220;][vc_column_text uncode_shortcode_id=&#8220;150823&#8243;]<\/p>\n<ul>\n<li>Staatsanwaltschaft des Kantons Wallis, ausserordentlicher Staatsanwalt (seit 2024)<\/li>\n<li>Bundesanwaltschaft, ausserordentlicher Staatsanwalt des Bundes (2019\u20132020)<\/li>\n<li>Bundesanwaltschaft, interimistischer Staatsanwalt des Bundes (2018\u20132019)<\/li>\n<li>Bundesanwaltschaft, Assistenz-Staatsanwalt des Bundes (2014\u20132018)<\/li>\n<li>Lenz &amp; Staehelin, Genf, Anwaltspraktikant (2013\u20132014)<\/li>\n<li>Wettbewerbskommission, wissenschaftlicher Mitarbeiter (2011\u20132013)<\/li>\n<\/ul>\n<p>[\/vc_column_text][\/vc_accordion_tab][vc_accordion_tab gutter_size=&#8220;3&#8243; column_padding=&#8220;2&#8243; title=&#8220;Ausbildung&#8220; tab_id=&#8220;1665420124-2-0167267070583917157580534071052-25fc&#8220;][vc_column_text uncode_shortcode_id=&#8220;168584&#8243;]<\/p>\n<ul>\n<li>Ecole romande de la magistrature p\u00e9nale, Certificate of Advanced Studies in Strafjustiz (2016)<\/li>\n<li>Anwaltspatent des Kantons Genf (2014)<\/li>\n<li>Universit\u00e4t Freiburg, Master in Rechtswissenschaften (2011)<\/li>\n<li>Universit\u00e4t Freiburg, Bachelor in Rechtswissenschaften (2010)<\/li>\n<\/ul>\n<p>[\/vc_column_text][\/vc_accordion_tab][vc_accordion_tab gutter_size=&#8220;2&#8243; column_padding=&#8220;2&#8243; title=&#8220;Sprachen&#8220; tab_id=&#8220;1765794403462-3-10&#8243;][vc_column_text uncode_shortcode_id=&#8220;842431&#8243;]<\/p>\n<ul>\n<li>Franz\u00f6sisch (Muttersprache)<\/li>\n<li>Deutsch (sehr gute Kenntnisse)<\/li>\n<li>Englisch (sehr gute Kenntnisse)<\/li>\n<\/ul>\n<p>[\/vc_column_text][\/vc_accordion_tab][vc_accordion_tab gutter_size=&#8220;3&#8243; column_padding=&#8220;2&#8243; title=&#8220;Weitere T\u00e4tigkeiten (Auswahl)&#8220; tab_id=&#8220;10314d48-70e0-0167267070583917157580534071052-25fc&#8220;][vc_column_text uncode_shortcode_id=&#8220;593309&#8243;]<\/p>\n<ul>\n<li>Pr\u00e4sident von La Concordia, offizielles Musikcorps der Stadt Freiburg (seit 2025)<\/li>\n<li>National Legal advisors (Schweiz\/Liechtenstein), Lions Club International (seit 2025)<\/li>\n<li>Generalrat der Stadt Marly (seit 2023)<\/li>\n<li>Politischer Sekret\u00e4r Die Mitte Freiburg (2022\u20132024)<\/li>\n<\/ul>\n<p>[\/vc_column_text][\/vc_accordion_tab][\/vc_accordion][\/vc_column][\/vc_row][vc_row row_height_percent=&#8220;0&#8243; override_padding=&#8220;yes&#8220; h_padding=&#8220;2&#8243; top_padding=&#8220;5&#8243; bottom_padding=&#8220;2&#8243; overlay_alpha=&#8220;50&#8243; gutter_size=&#8220;4&#8243; column_width_percent=&#8220;100&#8243; shift_y=&#8220;0&#8243; z_index=&#8220;0&#8243; content_parallax=&#8220;0&#8243; uncode_shortcode_id=&#8220;815791&#8243;][vc_column column_width_percent=&#8220;100&#8243; position_horizontal=&#8220;left&#8220; gutter_size=&#8220;0&#8243; overlay_alpha=&#8220;50&#8243; shift_x=&#8220;0&#8243; shift_y=&#8220;0&#8243; shift_y_down=&#8220;0&#8243; z_index=&#8220;0&#8243; medium_width=&#8220;0&#8243; mobile_width=&#8220;0&#8243; width=&#8220;4\/12&#8243; uncode_shortcode_id=&#8220;167896&#8243;][\/vc_column][vc_column column_width_percent=&#8220;100&#8243; position_horizontal=&#8220;left&#8220; gutter_size=&#8220;3&#8243; overlay_alpha=&#8220;50&#8243; shift_x=&#8220;0&#8243; shift_y=&#8220;0&#8243; shift_y_down=&#8220;0&#8243; z_index=&#8220;0&#8243; medium_width=&#8220;0&#8243; mobile_width=&#8220;0&#8243; width=&#8220;8\/12&#8243; uncode_shortcode_id=&#8220;122907&#8243;][vc_custom_heading heading_semantic=&#8220;h3&#8243; text_size=&#8220;h1&#8243; uncode_shortcode_id=&#8220;146367&#8243; subheading=&#8220;Rechtsanwalt<br \/>\npm@nmlegal.ch&#8220;]Philippe Maridor[\/vc_custom_heading][\/vc_column][\/vc_row][vc_row row_height_percent=&#8220;0&#8243; override_padding=&#8220;yes&#8220; h_padding=&#8220;2&#8243; top_padding=&#8220;0&#8243; bottom_padding=&#8220;5&#8243; overlay_alpha=&#8220;50&#8243; gutter_size=&#8220;4&#8243; column_width_percent=&#8220;100&#8243; shift_y=&#8220;0&#8243; z_index=&#8220;0&#8243; content_parallax=&#8220;0&#8243; uncode_shortcode_id=&#8220;146451&#8243;][vc_column column_width_percent=&#8220;100&#8243; gutter_size=&#8220;2&#8243; overlay_alpha=&#8220;50&#8243; radius=&#8220;lg&#8220; shift_x=&#8220;0&#8243; shift_y=&#8220;0&#8243; shift_y_down=&#8220;0&#8243; z_index=&#8220;0&#8243; medium_width=&#8220;2&#8243; mobile_width=&#8220;0&#8243; css_animation=&#8220;alpha-anim&#8220; animation_speed=&#8220;1000&#8243; width=&#8220;4\/12&#8243; uncode_shortcode_id=&#8220;360947&#8243;][vc_single_image media=&#8220;160220&#8243; media_width_percent=&#8220;100&#8243; shape=&#8220;img-round&#8220; radius=&#8220;std&#8220; uncode_shortcode_id=&#8220;214031&#8243;][\/vc_column][vc_column column_width_percent=&#8220;100&#8243; gutter_size=&#8220;3&#8243; overlay_alpha=&#8220;50&#8243; shift_x=&#8220;0&#8243; shift_y=&#8220;0&#8243; shift_y_down=&#8220;0&#8243; z_index=&#8220;0&#8243; medium_width=&#8220;6&#8243; mobile_width=&#8220;0&#8243; css_animation=&#8220;alpha-anim&#8220; animation_speed=&#8220;1000&#8243; width=&#8220;8\/12&#8243; uncode_shortcode_id=&#8220;152154&#8243;][vc_column_text uncode_shortcode_id=&#8220;125309&#8243;]Urspr\u00fcnglich aus Cologny (Genf) stammend und seit langem im Kanton Freiburg ans\u00e4ssig, \u00fcbt Philippe Maridor den Anwaltsberuf seit \u00fcber zehn Jahren aus. Nach mehreren Jahren als Partner in einer Freiburger Anwaltskanzlei gr\u00fcndete er im Jahr 2020 eine eigene Kanzlei in Freiburg.<\/p>\n<p>Seine berufliche Laufbahn hat ihm eine solide Praxis in der Beratung und Prozessf\u00fchrung verschafft in zivil- und handelsrechtlichen Streitigkeiten, in Haftpflichtf\u00e4llen sowie in Verwaltungs- und Strafverfahren, insbesondere im Bereich des Automobilrechts und des Strassenverkehrsrechts. Er legt grossen Wert auf eine klare Beziehung zu seinen Mandanten und darauf, die wirtschaftlichen und menschlichen Hintergr\u00fcnde eines jeden Falles zu verstehen.<\/p>\n<p>Parallel zu seiner T\u00e4tigkeit als Anwalt engagiert sich Philippe Maridor seit vielen Jahren im Vereins- und politischen Leben, insbesondere im Automobil Club der Schweiz, dessen nationalem Direktorium er angeh\u00f6rt und dessen Freiburger Sektion er als Vizepr\u00e4sident mitf\u00fchrt.<\/p>\n<p>Philippe Maridor ist Mitglied des Freiburger Anwaltsverbands sowie des Schweizerischen Anwaltsverbands.[\/vc_column_text][vc_accordion typography=&#8220;advanced&#8220; sign=&#8220;plus&#8220; label_border=&#8220;yes&#8220; content_border=&#8220;yes&#8220; gutter_simple=&#8220;0&#8243; no_h_padding=&#8220;yes&#8220; titles_size=&#8220;h4&#8243; titles_weight=&#8220;600&#8243; uncode_shortcode_id=&#8220;168469&#8243; active_tab=&#8220;1&#8243;][vc_accordion_tab gutter_size=&#8220;3&#8243; column_padding=&#8220;2&#8243; title=&#8220;Beruflicher Werdegang&#8220; tab_id=&#8220;efe01523-2776-6167267070583917157580534071052-25fc0&#8243;][vc_column_text uncode_shortcode_id=&#8220;142517&#8243;]<\/p>\n<ul>\n<li>Partneranwalt und Gr\u00fcnder, Kanzlei Magnin Maridor Avocats, Freiburg (2020\u20132025)<\/li>\n<li>Partneranwalt, Kanzlei Avocats Anw\u00e4lte, Freiburg (2013\u20132020)<\/li>\n<li>Anwaltspraktikant, Kanzlei Fidanza, Clerc &amp; Magnin, Freiburg (2010\u20132013)<\/li>\n<li>Juristischer Praktikant, BIRS Suisse SA, Genf (Februar 2010\u2013Mai 2010)<\/li>\n<li>Gerichtspraktikant, Untersuchungsrichteramt, Freiburg (Mai 2009\u2013Oktober 2009)<\/li>\n<\/ul>\n<p>[\/vc_column_text][\/vc_accordion_tab][vc_accordion_tab gutter_size=&#8220;3&#8243; column_padding=&#8220;2&#8243; title=&#8220;Ausbildung&#8220; tab_id=&#8220;1665420124-2-0167267070583917157580534071052-25fc4&#8243;][vc_column_text uncode_shortcode_id=&#8220;178547&#8243;]<\/p>\n<ul>\n<li>Anwaltspatent des Kantons Freiburg (2013).<\/li>\n<li>Master of Law, Universit\u00e4t Freiburg (2009).<\/li>\n<li>Bachelor of Law, Universit\u00e4t Freiburg (2007).<\/li>\n<\/ul>\n<p>[\/vc_column_text][\/vc_accordion_tab][vc_accordion_tab gutter_size=&#8220;2&#8243; column_padding=&#8220;2&#8243; title=&#8220;Sprachen&#8220; tab_id=&#8220;1763791218618-3-4&#8243;][vc_column_text uncode_shortcode_id=&#8220;112345&#8243;]<\/p>\n<ul>\n<li>Franz\u00f6sisch (Muttersprache)<\/li>\n<li>Deutsch (sehr gute Kenntnisse)<\/li>\n<li>Englisch (sehr gute Kenntnisse)<\/li>\n<\/ul>\n<p>[\/vc_column_text][\/vc_accordion_tab][vc_accordion_tab gutter_size=&#8220;3&#8243; column_padding=&#8220;2&#8243; title=&#8220;Weitere T\u00e4tigkeiten&#8220; tab_id=&#8220;10314d48-70e0-0167267070583917157580534071052-25fc5&#8243;][vc_column_text uncode_shortcode_id=&#8220;520426&#8243;]<\/p>\n<ul>\n<li>Mitglied der Gesch\u00e4ftsleitung des Automobil Club der Schweiz (seit 2025)<\/li>\n<li>Vizepr\u00e4sident der Sektion Freiburg des Automobil Club der Schweiz (seit 2017)<\/li>\n<li>Gemeinderat in Granges-Paccot (2020\u20132022)<\/li>\n<li>Feuerwehrmann, Gruppenchef in Granges-Paccot (2007\u20132022)<\/li>\n<li>Lehrbeauftragter f\u00fcr Recht an der Hochschule f\u00fcr Technik, Olten (2016)<\/li>\n<\/ul>\n<p>[\/vc_column_text][\/vc_accordion_tab][\/vc_accordion][\/vc_column][\/vc_row]<\/p>\n<\/div>","protected":false},"excerpt":{"rendered":"<p>[vc_row row_height_percent=&#8220;65&#8243; override_padding=&#8220;yes&#8220; h_padding=&#8220;2&#8243; top_padding=&#8220;5&#8243; bottom_padding=&#8220;2&#8243; back_color=&#8220;color-xsdn&#8220; overlay_alpha=&#8220;50&#8243; gutter_size=&#8220;3&#8243; column_width_percent=&#8220;100&#8243; shift_y=&#8220;0&#8243; z_index=&#8220;0&#8243; content_parallax=&#8220;0&#8243; uncode_shortcode_id=&#8220;949010&#8243; back_color_type=&#8220;uncode-palette&#8220;][vc_column column_width_percent=&#8220;100&#8243; position_horizontal=&#8220;left&#8220; gutter_size=&#8220;3&#8243; overlay_alpha=&#8220;50&#8243; shift_x=&#8220;0&#8243; [&hellip;]<\/p>\n","protected":false},"author":1,"featured_media":0,"parent":0,"menu_order":0,"comment_status":"closed","ping_status":"closed","template":"","meta":{"_seopress_robots_primary_cat":"","_seopress_titles_title":"","_seopress_titles_desc":"","_seopress_robots_index":"","footnotes":""},"class_list":["post-159868","page","type-page","status-publish","hentry"],"_links":{"self":[{"href":"https:\/\/nmlegal.ch\/de\/wp-json\/wp\/v2\/pages\/159868","targetHints":{"allow":["GET"]}}],"collection":[{"href":"https:\/\/nmlegal.ch\/de\/wp-json\/wp\/v2\/pages"}],"about":[{"href":"https:\/\/nmlegal.ch\/de\/wp-json\/wp\/v2\/types\/page"}],"author":[{"embeddable":true,"href":"https:\/\/nmlegal.ch\/de\/wp-json\/wp\/v2\/users\/1"}],"replies":[{"embeddable":true,"href":"https:\/\/nmlegal.ch\/de\/wp-json\/wp\/v2\/comments?post=159868"}],"version-history":[{"count":5,"href":"https:\/\/nmlegal.ch\/de\/wp-json\/wp\/v2\/pages\/159868\/revisions"}],"predecessor-version":[{"id":160304,"href":"https:\/\/nmlegal.ch\/de\/wp-json\/wp\/v2\/pages\/159868\/revisions\/160304"}],"wp:attachment":[{"href":"https:\/\/nmlegal.ch\/de\/wp-json\/wp\/v2\/media?parent=159868"}],"curies":[{"name":"wp","href":"https:\/\/api.w.org\/{rel}","templated":true}]}}