{"id":160080,"date":"2025-12-01T08:55:06","date_gmt":"2025-12-01T07:55:06","guid":{"rendered":"https:\/\/nmlegal.ch\/actualites-et-interventions\/"},"modified":"2026-01-22T14:14:21","modified_gmt":"2026-01-22T13:14:21","slug":"aktuelles-und-referate","status":"publish","type":"page","link":"https:\/\/nmlegal.ch\/de\/aktuelles-und-referate\/","title":{"rendered":"Aktuelles und Referate"},"content":{"rendered":"<div class=\"wpb-content-wrapper\"><p>[vc_row row_height_percent=&#8220;65&#8243; override_padding=&#8220;yes&#8220; h_padding=&#8220;2&#8243; top_padding=&#8220;5&#8243; bottom_padding=&#8220;2&#8243; back_color=&#8220;color-xsdn&#8220; overlay_alpha=&#8220;50&#8243; gutter_size=&#8220;3&#8243; column_width_percent=&#8220;100&#8243; shift_y=&#8220;0&#8243; z_index=&#8220;0&#8243; content_parallax=&#8220;0&#8243; uncode_shortcode_id=&#8220;344012&#8243; back_color_type=&#8220;uncode-palette&#8220;][vc_column column_width_percent=&#8220;100&#8243; position_horizontal=&#8220;left&#8220; gutter_size=&#8220;3&#8243; overlay_alpha=&#8220;50&#8243; shift_x=&#8220;0&#8243; shift_y=&#8220;0&#8243; shift_y_down=&#8220;0&#8243; z_index=&#8220;0&#8243; medium_width=&#8220;0&#8243; mobile_width=&#8220;0&#8243; css_animation=&#8220;alpha-anim&#8220; animation_speed=&#8220;1000&#8243; width=&#8220;1\/1&#8243; uncode_shortcode_id=&#8220;769909&#8243;][vc_row_inner row_inner_height_percent=&#8220;0&#8243; overlay_alpha=&#8220;50&#8243; gutter_size=&#8220;3&#8243; shift_y=&#8220;0&#8243; z_index=&#8220;0&#8243; limit_content=&#8220;&#8220; uncode_shortcode_id=&#8220;306281&#8243;][vc_column_inner column_width_percent=&#8220;100&#8243; position_horizontal=&#8220;left&#8220; gutter_size=&#8220;3&#8243; overlay_alpha=&#8220;50&#8243; shift_x=&#8220;0&#8243; shift_y=&#8220;0&#8243; shift_y_down=&#8220;0&#8243; z_index=&#8220;0&#8243; medium_width=&#8220;0&#8243; mobile_width=&#8220;0&#8243; width=&#8220;1\/2&#8243; uncode_shortcode_id=&#8220;356041&#8243;][vc_custom_heading heading_semantic=&#8220;h1&#8243; text_font=&#8220;font-768692&#8243; text_size=&#8220;custom&#8220; text_weight=&#8220;600&#8243; css_animation=&#8220;curtain&#8220; animation_speed=&#8220;1000&#8243; interval_animation=&#8220;60&#8243; uncode_shortcode_id=&#8220;123963&#8243; heading_custom_size=&#8220;clamp(36px, 3.5vw, 56px)&#8220;]Aktuelles und Auftritte[\/vc_custom_heading][vc_separator sep_color=&#8220;accent&#8220; icon_position=&#8220;left&#8220; uncode_shortcode_id=&#8220;113166&#8243; sep_color_type=&#8220;uncode-palette&#8220; el_width=&#8220;30%&#8220; el_height=&#8220;2px&#8220;][\/vc_column_inner][vc_column_inner column_width_percent=&#8220;80&#8243; position_horizontal=&#8220;left&#8220; gutter_size=&#8220;3&#8243; overlay_alpha=&#8220;50&#8243; shift_x=&#8220;0&#8243; shift_y=&#8220;0&#8243; shift_y_down=&#8220;0&#8243; z_index=&#8220;0&#8243; medium_width=&#8220;0&#8243; mobile_width=&#8220;0&#8243; width=&#8220;1\/2&#8243; uncode_shortcode_id=&#8220;137215&#8243;][vc_empty_space empty_h=&#8220;3&#8243; medium_visibility=&#8220;yes&#8220; mobile_visibility=&#8220;yes&#8220;][vc_column_text text_lead=&#8220;yes&#8220; uncode_shortcode_id=&#8220;826351&#8243;]Aktuelle Informationen zur Kanzlei Navarro Maridor werden regelm\u00e4ssig auf LinkedIn sowie im Rahmen von Konferenzen und Weiterbildungen an Universit\u00e4ten und Hochschulen ver\u00f6ffentlicht.[\/vc_column_text][\/vc_column_inner][\/vc_row_inner][\/vc_column][\/vc_row][vc_row row_height_percent=&#8220;50&#8243; override_padding=&#8220;yes&#8220; h_padding=&#8220;2&#8243; top_padding=&#8220;2&#8243; bottom_padding=&#8220;1&#8243; parallax=&#8220;yes&#8220; overlay_alpha=&#8220;34&#8243; equal_height=&#8220;yes&#8220; gutter_size=&#8220;4&#8243; column_width_percent=&#8220;100&#8243; shift_y=&#8220;0&#8243; z_index=&#8220;0&#8243; content_parallax=&#8220;0&#8243; uncode_shortcode_id=&#8220;188907&#8243;][vc_column column_width_percent=&#8220;100&#8243; position_vertical=&#8220;middle&#8220; align_horizontal=&#8220;align_center&#8220; gutter_size=&#8220;2&#8243; style=&#8220;dark&#8220; overlay_alpha=&#8220;50&#8243; shift_x=&#8220;0&#8243; shift_y=&#8220;0&#8243; shift_y_down=&#8220;0&#8243; z_index=&#8220;0&#8243; medium_width=&#8220;0&#8243; mobile_width=&#8220;0&#8243; width=&#8220;1\/1&#8243; uncode_shortcode_id=&#8220;175872&#8243;][vc_raw_html]JTNDJTIxLS0lMjBFbGZzaWdodCUyMExpbmtlZEluJTIwRmVlZCUyMCU3QyUyME5hdmFycm8lMjBTaXRlJTIwV2ViJTIwLS0lM0UlMEElM0NzY3JpcHQlMjBzcmMlM0QlMjJodHRwcyUzQSUyRiUyRmVsZnNpZ2h0Y2RuLmNvbSUyRnBsYXRmb3JtLmpzJTIyJTIwYXN5bmMlM0UlM0MlMkZzY3JpcHQlM0UlMEElM0NkaXYlMjBjbGFzcyUzRCUyMmVsZnNpZ2h0LWFwcC01NzdhYzE0YS03YWFmLTQ5OWEtOWU0Ny1jMGIyZWQ4NDU4ZDIlMjIlMjBkYXRhLWVsZnNpZ2h0LWFwcC1sYXp5JTNFJTNDJTJGZGl2JTNF[\/vc_raw_html][\/vc_column][\/vc_row][vc_row row_height_percent=&#8220;0&#8243; override_padding=&#8220;yes&#8220; h_padding=&#8220;2&#8243; top_padding=&#8220;3&#8243; bottom_padding=&#8220;2&#8243; overlay_alpha=&#8220;50&#8243; gutter_size=&#8220;4&#8243; column_width_percent=&#8220;100&#8243; shift_y=&#8220;0&#8243; z_index=&#8220;0&#8243; content_parallax=&#8220;0&#8243; uncode_shortcode_id=&#8220;708308&#8243;][vc_column column_width_percent=&#8220;100&#8243; position_horizontal=&#8220;left&#8220; gutter_size=&#8220;0&#8243; overlay_alpha=&#8220;50&#8243; shift_x=&#8220;0&#8243; shift_y=&#8220;0&#8243; shift_y_down=&#8220;0&#8243; z_index=&#8220;0&#8243; medium_width=&#8220;0&#8243; mobile_width=&#8220;0&#8243; width=&#8220;1\/2&#8243; uncode_shortcode_id=&#8220;300086&#8243;][vc_custom_heading text_font=&#8220;font-768692&#8243; text_weight=&#8220;600&#8243; uncode_shortcode_id=&#8220;879250&#8243;]K\u00fcrzliche Referate[\/vc_custom_heading][\/vc_column][vc_column column_width_percent=&#8220;100&#8243; position_horizontal=&#8220;left&#8220; gutter_size=&#8220;3&#8243; overlay_alpha=&#8220;50&#8243; shift_x=&#8220;0&#8243; shift_y=&#8220;0&#8243; shift_y_down=&#8220;0&#8243; z_index=&#8220;0&#8243; medium_width=&#8220;0&#8243; mobile_width=&#8220;0&#8243; width=&#8220;1\/2&#8243; uncode_shortcode_id=&#8220;122907&#8243;][\/vc_column][\/vc_row][vc_row row_height_percent=&#8220;0&#8243; override_padding=&#8220;yes&#8220; h_padding=&#8220;2&#8243; top_padding=&#8220;1&#8243; bottom_padding=&#8220;3&#8243; overlay_alpha=&#8220;50&#8243; gutter_size=&#8220;4&#8243; column_width_percent=&#8220;100&#8243; shift_y=&#8220;0&#8243; z_index=&#8220;0&#8243; content_parallax=&#8220;0&#8243; uncode_shortcode_id=&#8220;472487&#8243;][vc_column column_width_percent=&#8220;100&#8243; position_horizontal=&#8220;left&#8220; gutter_size=&#8220;0&#8243; overlay_alpha=&#8220;50&#8243; shift_x=&#8220;0&#8243; shift_y=&#8220;0&#8243; shift_y_down=&#8220;0&#8243; z_index=&#8220;0&#8243; medium_width=&#8220;0&#8243; mobile_width=&#8220;0&#8243; width=&#8220;1\/1&#8243; uncode_shortcode_id=&#8220;117558&#8243;][vc_column_text uncode_shortcode_id=&#8220;119334&#8243;]<\/p>\n<ul>\n<li><strong>\u00abDynamische internationale Strafrechtshilfe\u00bb<\/strong>, Universit\u00e4t Genf, Dezember 2025<\/li>\n<li><strong>\u00abBanken und Compliance, praktische Ann\u00e4herung auf Basis von Korruptionsf\u00e4llen\u00bb<\/strong>, HEG ARC Neuenburg, Dezember 2025<\/li>\n<li><strong>\u00abEinf\u00fchrung in die internationale Rechtshilfe in Strafsachen\u00bb<\/strong>, HEG ARC Neuenburg, Dezember 2025<\/li>\n<li><strong>\u00abInternationale Rechtshilfe in Strafsachen, praktische Ann\u00e4herung\u00bb<\/strong>, Universit\u00e4t Freiburg, Mai 2025<\/li>\n<\/ul>\n<p>[\/vc_column_text][\/vc_column][\/vc_row][vc_row][vc_column width=&#8220;1\/1&#8243;][vc_empty_space empty_h=&#8220;5&#8243;][\/vc_column][\/vc_row]<\/p>\n<\/div>","protected":false},"excerpt":{"rendered":"<p>[vc_row row_height_percent=&#8220;65&#8243; override_padding=&#8220;yes&#8220; h_padding=&#8220;2&#8243; top_padding=&#8220;5&#8243; bottom_padding=&#8220;2&#8243; back_color=&#8220;color-xsdn&#8220; overlay_alpha=&#8220;50&#8243; gutter_size=&#8220;3&#8243; column_width_percent=&#8220;100&#8243; shift_y=&#8220;0&#8243; z_index=&#8220;0&#8243; content_parallax=&#8220;0&#8243; uncode_shortcode_id=&#8220;344012&#8243; back_color_type=&#8220;uncode-palette&#8220;][vc_column column_width_percent=&#8220;100&#8243; position_horizontal=&#8220;left&#8220; gutter_size=&#8220;3&#8243; overlay_alpha=&#8220;50&#8243; shift_x=&#8220;0&#8243; [&hellip;]<\/p>\n","protected":false},"author":1,"featured_media":0,"parent":0,"menu_order":0,"comment_status":"closed","ping_status":"closed","template":"","meta":{"_seopress_robots_primary_cat":"","_seopress_titles_title":"","_seopress_titles_desc":"","_seopress_robots_index":"","footnotes":""},"class_list":["post-160080","page","type-page","status-publish","hentry"],"_links":{"self":[{"href":"https:\/\/nmlegal.ch\/de\/wp-json\/wp\/v2\/pages\/160080","targetHints":{"allow":["GET"]}}],"collection":[{"href":"https:\/\/nmlegal.ch\/de\/wp-json\/wp\/v2\/pages"}],"about":[{"href":"https:\/\/nmlegal.ch\/de\/wp-json\/wp\/v2\/types\/page"}],"author":[{"embeddable":true,"href":"https:\/\/nmlegal.ch\/de\/wp-json\/wp\/v2\/users\/1"}],"replies":[{"embeddable":true,"href":"https:\/\/nmlegal.ch\/de\/wp-json\/wp\/v2\/comments?post=160080"}],"version-history":[{"count":5,"href":"https:\/\/nmlegal.ch\/de\/wp-json\/wp\/v2\/pages\/160080\/revisions"}],"predecessor-version":[{"id":160312,"href":"https:\/\/nmlegal.ch\/de\/wp-json\/wp\/v2\/pages\/160080\/revisions\/160312"}],"wp:attachment":[{"href":"https:\/\/nmlegal.ch\/de\/wp-json\/wp\/v2\/media?parent=160080"}],"curies":[{"name":"wp","href":"https:\/\/api.w.org\/{rel}","templated":true}]}}