{"id":160093,"date":"2025-11-25T16:36:17","date_gmt":"2025-11-25T15:36:17","guid":{"rendered":"https:\/\/nmlegal.ch\/contact\/"},"modified":"2026-01-09T19:09:40","modified_gmt":"2026-01-09T18:09:40","slug":"kontakt","status":"publish","type":"page","link":"https:\/\/nmlegal.ch\/de\/kontakt\/","title":{"rendered":"Kontakt"},"content":{"rendered":"<div class=\"wpb-content-wrapper\"><p>[vc_row row_height_percent=&#8220;65&#8243; override_padding=&#8220;yes&#8220; h_padding=&#8220;2&#8243; top_padding=&#8220;5&#8243; bottom_padding=&#8220;2&#8243; back_color=&#8220;color-xsdn&#8220; overlay_alpha=&#8220;50&#8243; gutter_size=&#8220;3&#8243; column_width_percent=&#8220;100&#8243; shift_y=&#8220;0&#8243; z_index=&#8220;0&#8243; content_parallax=&#8220;0&#8243; uncode_shortcode_id=&#8220;949010&#8243; back_color_type=&#8220;uncode-palette&#8220;][vc_column column_width_percent=&#8220;100&#8243; position_horizontal=&#8220;left&#8220; gutter_size=&#8220;3&#8243; overlay_alpha=&#8220;50&#8243; shift_x=&#8220;0&#8243; shift_y=&#8220;0&#8243; shift_y_down=&#8220;0&#8243; z_index=&#8220;0&#8243; medium_width=&#8220;0&#8243; mobile_width=&#8220;0&#8243; css_animation=&#8220;alpha-anim&#8220; animation_speed=&#8220;1000&#8243; width=&#8220;1\/1&#8243; uncode_shortcode_id=&#8220;664686&#8243;][vc_row_inner row_inner_height_percent=&#8220;0&#8243; overlay_alpha=&#8220;50&#8243; gutter_size=&#8220;3&#8243; shift_y=&#8220;0&#8243; z_index=&#8220;0&#8243; uncode_shortcode_id=&#8220;204906&#8243;][vc_column_inner column_width_percent=&#8220;100&#8243; gutter_size=&#8220;3&#8243; overlay_alpha=&#8220;50&#8243; shift_x=&#8220;0&#8243; shift_y=&#8220;0&#8243; shift_y_down=&#8220;0&#8243; z_index=&#8220;0&#8243; medium_width=&#8220;0&#8243; mobile_width=&#8220;0&#8243; width=&#8220;2\/3&#8243; uncode_shortcode_id=&#8220;132204&#8243;][vc_custom_heading heading_semantic=&#8220;h1&#8243; text_font=&#8220;font-768692&#8243; text_size=&#8220;custom&#8220; text_weight=&#8220;600&#8243; css_animation=&#8220;curtain&#8220; animation_speed=&#8220;1000&#8243; interval_animation=&#8220;60&#8243; uncode_shortcode_id=&#8220;139777&#8243; heading_custom_size=&#8220;clamp(36px, 3.5vw, 56px)&#8220;]Kontakt[\/vc_custom_heading][vc_separator sep_color=&#8220;accent&#8220; icon_position=&#8220;left&#8220; uncode_shortcode_id=&#8220;113166&#8243; sep_color_type=&#8220;uncode-palette&#8220; el_width=&#8220;30%&#8220; el_height=&#8220;2px&#8220;][vc_column_text text_lead=&#8220;yes&#8220; uncode_shortcode_id=&#8220;131954&#8243;]F\u00fcr alle Fragen oder zur Vereinbarung eines Termins k\u00f6nnen Sie die Kanzlei Navarro Maridor telefonisch von Montag bis Freitag von 8:00 bis 18:00 Uhr kontaktieren oder nach Terminvereinbarung ein pers\u00f6nliches Gespr\u00e4ch in unseren R\u00e4umlichkeiten f\u00fchren.[\/vc_column_text][\/vc_column_inner][vc_column_inner width=&#8220;1\/3&#8243;][\/vc_column_inner][\/vc_row_inner][vc_row_inner row_inner_height_percent=&#8220;0&#8243; overlay_alpha=&#8220;50&#8243; gutter_size=&#8220;3&#8243; shift_y=&#8220;0&#8243; z_index=&#8220;0&#8243; limit_content=&#8220;&#8220; uncode_shortcode_id=&#8220;242394&#8243; css=&#8220;.vc_custom_1765550377648{margin-top: -50px !important;}&#8220;][vc_column_inner column_width_percent=&#8220;100&#8243; position_horizontal=&#8220;left&#8220; gutter_size=&#8220;3&#8243; overlay_alpha=&#8220;50&#8243; shift_x=&#8220;0&#8243; shift_y=&#8220;0&#8243; shift_y_down=&#8220;0&#8243; z_index=&#8220;0&#8243; medium_width=&#8220;0&#8243; mobile_width=&#8220;0&#8243; width=&#8220;1\/4&#8243; uncode_shortcode_id=&#8220;178839&#8243;][\/vc_column_inner][vc_column_inner column_width_percent=&#8220;100&#8243; gutter_size=&#8220;3&#8243; overlay_alpha=&#8220;50&#8243; shift_x=&#8220;0&#8243; shift_y=&#8220;0&#8243; shift_y_down=&#8220;0&#8243; z_index=&#8220;0&#8243; medium_width=&#8220;0&#8243; mobile_width=&#8220;0&#8243; width=&#8220;1\/4&#8243; uncode_shortcode_id=&#8220;475494&#8243;][vc_empty_space empty_h=&#8220;4&#8243;][vc_custom_heading heading_semantic=&#8220;h3&#8243; text_size=&#8220;h4&#8243; uncode_shortcode_id=&#8220;121901&#8243;]FREIBURG[\/vc_custom_heading][vc_custom_heading heading_semantic=&#8220;h5&#8243; text_font=&#8220;font-125293&#8243; text_size=&#8220;&#8220; text_weight=&#8220;400&#8243; uncode_shortcode_id=&#8220;116141&#8243; el_class=&#8220;footer-links&#8220;]Boulevard de P\u00e9rolles 24<br \/>\nPostfach 408<br \/>\nCH-1701 Freiburg<\/p>\n<p>+41 26 322 77 00[\/vc_custom_heading][\/vc_column_inner][vc_column_inner width=&#8220;1\/4&#8243;][vc_empty_space empty_h=&#8220;4&#8243;][vc_custom_heading heading_semantic=&#8220;h3&#8243; text_size=&#8220;h4&#8243; uncode_shortcode_id=&#8220;194389&#8243;]GENF[\/vc_custom_heading][vc_custom_heading heading_semantic=&#8220;h5&#8243; text_font=&#8220;font-125293&#8243; text_size=&#8220;&#8220; text_weight=&#8220;400&#8243; uncode_shortcode_id=&#8220;296455&#8243; el_class=&#8220;footer-links&#8220;]Chemin de la<br \/>\nTour-de-Pinchat 22<br \/>\nCH-1234 Vessy<\/p>\n<p>+41 22 510 88 58[\/vc_custom_heading][\/vc_column_inner][vc_column_inner width=&#8220;1\/4&#8243;][vc_empty_space empty_h=&#8220;4&#8243;][vc_custom_heading heading_semantic=&#8220;h3&#8243; text_size=&#8220;h4&#8243; uncode_shortcode_id=&#8220;922813&#8243;]KONTAKT[\/vc_custom_heading][vc_custom_heading heading_semantic=&#8220;h5&#8243; text_font=&#8220;font-125293&#8243; text_size=&#8220;&#8220; text_weight=&#8220;400&#8243; uncode_shortcode_id=&#8220;144655&#8243; el_class=&#8220;footer-links&#8220;]Mo-Fr | 08:00 \u2013 18:00 Uhr<br \/>\nEmpfang nach Vereinbarung<\/p>\n<p>info@nmlegal.ch[\/vc_custom_heading][\/vc_column_inner][\/vc_row_inner][\/vc_column][\/vc_row][vc_row row_height_percent=&#8220;50&#8243; override_padding=&#8220;yes&#8220; h_padding=&#8220;2&#8243; top_padding=&#8220;3&#8243; bottom_padding=&#8220;3&#8243; back_color=&#8220;color-lxmt&#8220; overlay_alpha=&#8220;50&#8243; gutter_size=&#8220;3&#8243; column_width_percent=&#8220;100&#8243; shift_y=&#8220;0&#8243; z_index=&#8220;0&#8243; content_parallax=&#8220;0&#8243; uncode_shortcode_id=&#8220;883857&#8243; back_color_type=&#8220;uncode-palette&#8220;][vc_column column_width_use_pixel=&#8220;yes&#8220; position_vertical=&#8220;middle&#8220; align_horizontal=&#8220;align_center&#8220; gutter_size=&#8220;3&#8243; overlay_alpha=&#8220;50&#8243; shift_x=&#8220;0&#8243; shift_y=&#8220;0&#8243; shift_y_down=&#8220;0&#8243; z_index=&#8220;0&#8243; medium_width=&#8220;0&#8243; mobile_width=&#8220;0&#8243; width=&#8220;1\/1&#8243; column_width_pixel=&#8220;900&#8243;][vc_custom_heading heading_semantic=&#8220;h3&#8243; text_font=&#8220;font-768692&#8243; text_size=&#8220;h1&#8243; text_weight=&#8220;600&#8243; uncode_shortcode_id=&#8220;793958&#8243;]Ben\u00f6tigen Sie individuelle rechtliche Beratung?[\/vc_custom_heading][vc_custom_heading heading_semantic=&#8220;h3&#8243; text_font=&#8220;font-125293&#8243; text_size=&#8220;h3&#8243; text_weight=&#8220;300&#8243; sub_reduced=&#8220;yes&#8220; uncode_shortcode_id=&#8220;984931&#8243;]Die Kanzlei Navarro Maridor behandelt jeden Fall mit Sorgfalt, Vertraulichkeit und Reaktionsschnelligkeit. Lassen Sie uns gemeinsam die f\u00fcr Ihre Bed\u00fcrfnisse passende rechtliche L\u00f6sung finden.[\/vc_custom_heading][vc_empty_space empty_h=&#8220;2&#8243;][vc_button button_color=&#8220;accent&#8220; size=&#8220;btn-lg&#8220; radius=&#8220;btn-round&#8220; custom_typo=&#8220;yes&#8220; font_family=&#8220;font-125293&#8243; font_weight=&#8220;400&#8243; border_width=&#8220;0&#8243; display=&#8220;inline&#8220; link=&#8220;url:https%3A%2F%2Fconseils.nmlegal.ch%2Fde%2F|target:_blank&#8220; button_color_type=&#8220;uncode-palette&#8220; uncode_shortcode_id=&#8220;197547&#8243;]Online-Beratung[\/vc_button][\/vc_column][\/vc_row]<\/p>\n<\/div>","protected":false},"excerpt":{"rendered":"<p>[vc_row row_height_percent=&#8220;65&#8243; override_padding=&#8220;yes&#8220; h_padding=&#8220;2&#8243; top_padding=&#8220;5&#8243; bottom_padding=&#8220;2&#8243; back_color=&#8220;color-xsdn&#8220; overlay_alpha=&#8220;50&#8243; gutter_size=&#8220;3&#8243; column_width_percent=&#8220;100&#8243; shift_y=&#8220;0&#8243; z_index=&#8220;0&#8243; content_parallax=&#8220;0&#8243; uncode_shortcode_id=&#8220;949010&#8243; back_color_type=&#8220;uncode-palette&#8220;][vc_column column_width_percent=&#8220;100&#8243; position_horizontal=&#8220;left&#8220; gutter_size=&#8220;3&#8243; overlay_alpha=&#8220;50&#8243; shift_x=&#8220;0&#8243; [&hellip;]<\/p>\n","protected":false},"author":1,"featured_media":0,"parent":0,"menu_order":0,"comment_status":"closed","ping_status":"closed","template":"","meta":{"_seopress_robots_primary_cat":"","_seopress_titles_title":"","_seopress_titles_desc":"","_seopress_robots_index":"","footnotes":""},"class_list":["post-160093","page","type-page","status-publish","hentry"],"_links":{"self":[{"href":"https:\/\/nmlegal.ch\/de\/wp-json\/wp\/v2\/pages\/160093","targetHints":{"allow":["GET"]}}],"collection":[{"href":"https:\/\/nmlegal.ch\/de\/wp-json\/wp\/v2\/pages"}],"about":[{"href":"https:\/\/nmlegal.ch\/de\/wp-json\/wp\/v2\/types\/page"}],"author":[{"embeddable":true,"href":"https:\/\/nmlegal.ch\/de\/wp-json\/wp\/v2\/users\/1"}],"replies":[{"embeddable":true,"href":"https:\/\/nmlegal.ch\/de\/wp-json\/wp\/v2\/comments?post=160093"}],"version-history":[{"count":5,"href":"https:\/\/nmlegal.ch\/de\/wp-json\/wp\/v2\/pages\/160093\/revisions"}],"predecessor-version":[{"id":160268,"href":"https:\/\/nmlegal.ch\/de\/wp-json\/wp\/v2\/pages\/160093\/revisions\/160268"}],"wp:attachment":[{"href":"https:\/\/nmlegal.ch\/de\/wp-json\/wp\/v2\/media?parent=160093"}],"curies":[{"name":"wp","href":"https:\/\/api.w.org\/{rel}","templated":true}]}}